{"id":1860,"date":"2025-12-24T16:26:39","date_gmt":"2025-12-24T15:26:39","guid":{"rendered":"https:\/\/antonioflores.eu\/?page_id=1860"},"modified":"2025-12-24T18:00:45","modified_gmt":"2025-12-24T17:00:45","slug":"about-me","status":"publish","type":"page","link":"https:\/\/antonioflores.eu\/es\/about-me\/","title":{"rendered":"Sobre m\u00ed"},"content":{"rendered":"<div data-elementor-type=\"wp-page\" data-elementor-id=\"1860\" class=\"elementor elementor-1860\" data-elementor-post-type=\"page\">\n\t\t\t\t\t\t<section class=\"elementor-section elementor-top-section elementor-element elementor-element-1ec06f1 elementor-section-boxed elementor-section-height-default elementor-section-height-default\" data-id=\"1ec06f1\" data-element_type=\"section\" data-e-type=\"section\">\n\t\t\t\t\t\t<div class=\"elementor-container elementor-column-gap-default\">\n\t\t\t\t\t<div class=\"elementor-column elementor-col-100 elementor-top-column elementor-element elementor-element-e2db052\" data-id=\"e2db052\" data-element_type=\"column\" data-e-type=\"column\" data-settings=\"{&quot;background_background&quot;:&quot;classic&quot;}\">\n\t\t\t<div class=\"elementor-widget-wrap elementor-element-populated\">\n\t\t\t\t\t<div class=\"elementor-background-overlay\"><\/div>\n\t\t\t\t\t\t<section class=\"elementor-section elementor-inner-section elementor-element elementor-element-75b2b8c elementor-section-boxed elementor-section-height-default elementor-section-height-default\" data-id=\"75b2b8c\" data-element_type=\"section\" data-e-type=\"section\">\n\t\t\t\t\t\t<div class=\"elementor-container elementor-column-gap-default\">\n\t\t\t\t\t<div class=\"elementor-column elementor-col-50 elementor-inner-column elementor-element elementor-element-ea51702\" data-id=\"ea51702\" data-element_type=\"column\" data-e-type=\"column\">\n\t\t\t<div class=\"elementor-widget-wrap elementor-element-populated\">\n\t\t\t\t\t\t<div class=\"elementor-element elementor-element-9023c2e elementor-widget elementor-widget-text-editor\" data-id=\"9023c2e\" data-element_type=\"widget\" data-e-type=\"widget\" data-widget_type=\"text-editor.default\">\n\t\t\t\t<div class=\"elementor-widget-container\">\n\t\t\t\t\t\t\t\t\t<p>Antonio L. Flores-Galea es ingeniero de telecomunicaciones y m\u00e1ster en ingenier\u00eda electr\u00f3nica por la Universidad de Sevilla, y posee un MBA por el IESE Business School. Es profesor de Inteligencia Artificial y Big Data en la Universidad Francisco de Vitoria.<\/p><p>Antonio es asesor para la Comisi\u00f3n Europea en materia de inteligencia artificial, rob\u00f3tica y otras tecnolog\u00edas digitales desde 2019. Tambi\u00e9n es miembro de varios comit\u00e9s de normalizaci\u00f3n del IEEE y <em>Distinguished Lecturer<\/em> de la Technology Engineering Management Society. Es autor de la secci\u00f3n \u00abFronteras de la innovaci\u00f3n\u00bb de Libertad Digital en Espa\u00f1a y dirige su propia consultora internacional, GIA Institute, especializada en gesti\u00f3n de la innovaci\u00f3n.<\/p><p>Antonio ha sido analista de IDC y es autor de nueve libros, entre los que se incluyen \u00abUna mente infinita\u00bb, sobre inteligencia artificial, publicado en 2024, y \u00abUn mundo virtual\u00bb, en 2025, por Tusquets Editores (Grupo Planeta), y \u00abJourney to the Metaverse\u00bb, publicado en 2023 por Business Expert Press en Estados Unidos. Tambi\u00e9n ha publicado m\u00e1s de 150 art\u00edculos, entre ellos cinco art\u00edculos cient\u00edficos, y ha impartido m\u00e1s de 100 conferencias.<\/p>\t\t\t\t\t\t\t\t<\/div>\n\t\t\t\t<\/div>\n\t\t\t\t\t<\/div>\n\t\t<\/div>\n\t\t\t\t<div class=\"elementor-column elementor-col-50 elementor-inner-column elementor-element elementor-element-addd4fa\" data-id=\"addd4fa\" data-element_type=\"column\" data-e-type=\"column\">\n\t\t\t<div class=\"elementor-widget-wrap\">\n\t\t\t\t\t\t\t<\/div>\n\t\t<\/div>\n\t\t\t\t\t<\/div>\n\t\t<\/section>\n\t\t\t\t\t<\/div>\n\t\t<\/div>\n\t\t\t\t\t<\/div>\n\t\t<\/section>\n\t\t\t\t<section class=\"elementor-section elementor-top-section elementor-element elementor-element-1a7e90c elementor-section-boxed elementor-section-height-default elementor-section-height-default\" data-id=\"1a7e90c\" data-element_type=\"section\" data-e-type=\"section\">\n\t\t\t\t\t\t<div class=\"elementor-container elementor-column-gap-default\">\n\t\t\t\t\t<div class=\"elementor-column elementor-col-50 elementor-top-column elementor-element elementor-element-8780f03\" data-id=\"8780f03\" data-element_type=\"column\" data-e-type=\"column\">\n\t\t\t<div class=\"elementor-widget-wrap elementor-element-populated\">\n\t\t\t\t\t\t<div class=\"elementor-element elementor-element-c99fbcc elementor-widget elementor-widget-image\" data-id=\"c99fbcc\" data-element_type=\"widget\" data-e-type=\"widget\" data-widget_type=\"image.default\">\n\t\t\t\t<div class=\"elementor-widget-container\">\n\t\t\t\t\t\t\t\t\t\t\t\t\t\t\t<img fetchpriority=\"high\" decoding=\"async\" width=\"1024\" height=\"835\" src=\"https:\/\/antonioflores.eu\/wp-content\/uploads\/2025\/12\/IMG_0704-scaled-e1766590649492-1024x835.jpeg\" class=\"attachment-large size-large wp-image-1880\" alt=\"\" srcset=\"https:\/\/antonioflores.eu\/wp-content\/uploads\/2025\/12\/IMG_0704-scaled-e1766590649492-1024x835.jpeg 1024w, https:\/\/antonioflores.eu\/wp-content\/uploads\/2025\/12\/IMG_0704-scaled-e1766590649492-300x245.jpeg 300w, https:\/\/antonioflores.eu\/wp-content\/uploads\/2025\/12\/IMG_0704-scaled-e1766590649492-768x626.jpeg 768w, https:\/\/antonioflores.eu\/wp-content\/uploads\/2025\/12\/IMG_0704-scaled-e1766590649492-1536x1253.jpeg 1536w, https:\/\/antonioflores.eu\/wp-content\/uploads\/2025\/12\/IMG_0704-scaled-e1766590649492.jpeg 1920w\" sizes=\"(max-width: 1024px) 100vw, 1024px\" \/>\t\t\t\t\t\t\t\t\t\t\t\t\t\t\t<\/div>\n\t\t\t\t<\/div>\n\t\t\t\t\t<\/div>\n\t\t<\/div>\n\t\t\t\t<div class=\"elementor-column elementor-col-50 elementor-top-column elementor-element elementor-element-048d76f\" data-id=\"048d76f\" data-element_type=\"column\" data-e-type=\"column\">\n\t\t\t<div class=\"elementor-widget-wrap elementor-element-populated\">\n\t\t\t\t\t\t<div class=\"elementor-element elementor-element-ccaa50f elementor-widget elementor-widget-text-editor\" data-id=\"ccaa50f\" data-element_type=\"widget\" data-e-type=\"widget\" data-widget_type=\"text-editor.default\">\n\t\t\t\t<div class=\"elementor-widget-container\">\n\t\t\t\t\t\t\t\t\t<p>Soy ese tipo de persona que combina acci\u00f3n y reflexi\u00f3n. Me encanta descubrir nuevos conceptos, lugares, personas e ideas. Luego paso largas horas reflexionando sobre ellos, tratando de comprender cada detalle, cada conexi\u00f3n, cada fragmento de la realidad que nos acerca a la felicidad, a la libertad y a un mundo mejor.<\/p><p>Creo que ciertas palabras son aut\u00e9nticas consejeras para cualquier aventura. Esas palabras son: confianza, honestidad, compromiso, curiosidad y buena voluntad. Con ellas, las personas podemos vencer cualquier amenaza, ya sea la inteligencia artificial, las guerras, los desastres naturales y todo cuanto se interponga en nuestro camino.<\/p><p>Pero, en general, creo en las buenas personas.<\/p>\t\t\t\t\t\t\t\t<\/div>\n\t\t\t\t<\/div>\n\t\t\t\t<div class=\"elementor-element elementor-element-543ecd6 elementor-widget elementor-widget-image\" data-id=\"543ecd6\" data-element_type=\"widget\" data-e-type=\"widget\" data-widget_type=\"image.default\">\n\t\t\t\t<div class=\"elementor-widget-container\">\n\t\t\t\t\t\t\t\t\t\t\t\t\t\t\t<img decoding=\"async\" width=\"727\" height=\"208\" src=\"https:\/\/antonioflores.eu\/wp-content\/uploads\/2025\/12\/Flores-signature-white.png\" class=\"attachment-large size-large wp-image-1882\" alt=\"\" srcset=\"https:\/\/antonioflores.eu\/wp-content\/uploads\/2025\/12\/Flores-signature-white.png 727w, https:\/\/antonioflores.eu\/wp-content\/uploads\/2025\/12\/Flores-signature-white-300x86.png 300w\" sizes=\"(max-width: 727px) 100vw, 727px\" \/>\t\t\t\t\t\t\t\t\t\t\t\t\t\t\t<\/div>\n\t\t\t\t<\/div>\n\t\t\t\t\t<\/div>\n\t\t<\/div>\n\t\t\t\t\t<\/div>\n\t\t<\/section>\n\t\t\t\t<section class=\"elementor-section elementor-top-section elementor-element elementor-element-e5c8128 elementor-section-boxed elementor-section-height-default elementor-section-height-default\" data-id=\"e5c8128\" data-element_type=\"section\" data-e-type=\"section\">\n\t\t\t\t\t\t<div class=\"elementor-container elementor-column-gap-default\">\n\t\t\t\t\t<div class=\"elementor-column elementor-col-100 elementor-top-column elementor-element elementor-element-758b68f\" data-id=\"758b68f\" data-element_type=\"column\" data-e-type=\"column\">\n\t\t\t<div class=\"elementor-widget-wrap elementor-element-populated\">\n\t\t\t\t\t\t<div class=\"elementor-element elementor-element-674c2f2 elementor-pagination-position-inside elementor-arrows-position-inside elementor-widget elementor-widget-image-carousel\" data-id=\"674c2f2\" data-element_type=\"widget\" data-e-type=\"widget\" data-settings=\"{&quot;lazyload&quot;:&quot;yes&quot;,&quot;autoplay_speed&quot;:1200,&quot;navigation&quot;:&quot;both&quot;,&quot;autoplay&quot;:&quot;yes&quot;,&quot;pause_on_hover&quot;:&quot;yes&quot;,&quot;pause_on_interaction&quot;:&quot;yes&quot;,&quot;infinite&quot;:&quot;yes&quot;,&quot;speed&quot;:500}\" data-widget_type=\"image-carousel.default\">\n\t\t\t\t<div class=\"elementor-widget-container\">\n\t\t\t\t\t\t\t<div class=\"elementor-image-carousel-wrapper swiper\" role=\"region\" aria-roledescription=\"carousel\" aria-label=\"Carrusel de im\u00e1genes\" dir=\"ltr\">\n\t\t\t<div class=\"elementor-image-carousel swiper-wrapper\" aria-live=\"off\">\n\t\t\t\t\t\t\t\t<div class=\"swiper-slide\" role=\"group\" aria-roledescription=\"slide\" aria-label=\"1 de 31\"><figure class=\"swiper-slide-inner\"><img class=\"swiper-slide-image swiper-lazy\" data-src=\"https:\/\/antonioflores.eu\/wp-content\/uploads\/2025\/12\/d5946119-2529-48a5-88d4-b4cb358eba30-e1766595067635-863x1024.jpg\" alt=\"d5946119-2529-48a5-88d4-b4cb358eba30\" \/><div class=\"swiper-lazy-preloader\"><\/div><\/figure><\/div><div class=\"swiper-slide\" role=\"group\" aria-roledescription=\"slide\" aria-label=\"2 de 31\"><figure class=\"swiper-slide-inner\"><img class=\"swiper-slide-image swiper-lazy\" data-src=\"https:\/\/antonioflores.eu\/wp-content\/uploads\/2025\/12\/IMG_0492-scaled-e1766595403355-737x1024.jpeg\" alt=\"IMG_0492\" \/><div class=\"swiper-lazy-preloader\"><\/div><\/figure><\/div><div class=\"swiper-slide\" role=\"group\" aria-roledescription=\"slide\" aria-label=\"3 de 31\"><figure class=\"swiper-slide-inner\"><img class=\"swiper-slide-image swiper-lazy\" data-src=\"https:\/\/antonioflores.eu\/wp-content\/uploads\/2025\/12\/IMG_0698-768x1024.jpeg\" alt=\"IMG_0698\" \/><div class=\"swiper-lazy-preloader\"><\/div><\/figure><\/div><div class=\"swiper-slide\" role=\"group\" aria-roledescription=\"slide\" aria-label=\"4 de 31\"><figure class=\"swiper-slide-inner\"><img class=\"swiper-slide-image swiper-lazy\" data-src=\"https:\/\/antonioflores.eu\/wp-content\/uploads\/2025\/12\/IMG_4542-scaled-e1766595277146-709x1024.jpeg\" alt=\"IMG_4542\" \/><div class=\"swiper-lazy-preloader\"><\/div><\/figure><\/div><div class=\"swiper-slide\" role=\"group\" aria-roledescription=\"slide\" aria-label=\"5 de 31\"><figure class=\"swiper-slide-inner\"><img class=\"swiper-slide-image swiper-lazy\" data-src=\"https:\/\/antonioflores.eu\/wp-content\/uploads\/2025\/12\/IMG_1199-768x1024.jpeg\" alt=\"IMG_1199\" \/><div class=\"swiper-lazy-preloader\"><\/div><\/figure><\/div><div class=\"swiper-slide\" role=\"group\" aria-roledescription=\"slide\" aria-label=\"6 de 31\"><figure class=\"swiper-slide-inner\"><img class=\"swiper-slide-image swiper-lazy\" data-src=\"https:\/\/antonioflores.eu\/wp-content\/uploads\/2025\/12\/IMG_5320-768x1024.jpeg\" alt=\"IMG_5320\" \/><div class=\"swiper-lazy-preloader\"><\/div><\/figure><\/div><div class=\"swiper-slide\" role=\"group\" aria-roledescription=\"slide\" aria-label=\"7 de 31\"><figure class=\"swiper-slide-inner\"><img class=\"swiper-slide-image swiper-lazy\" data-src=\"https:\/\/antonioflores.eu\/wp-content\/uploads\/2025\/12\/IMG_0742-scaled-e1766595100636-757x1024.jpeg\" alt=\"IMG_0742\" \/><div class=\"swiper-lazy-preloader\"><\/div><\/figure><\/div><div class=\"swiper-slide\" role=\"group\" aria-roledescription=\"slide\" aria-label=\"8 de 31\"><figure class=\"swiper-slide-inner\"><img class=\"swiper-slide-image swiper-lazy\" data-src=\"https:\/\/antonioflores.eu\/wp-content\/uploads\/2025\/12\/IMG_2722-768x1024.jpeg\" alt=\"IMG_2722\" \/><div class=\"swiper-lazy-preloader\"><\/div><\/figure><\/div><div class=\"swiper-slide\" role=\"group\" aria-roledescription=\"slide\" aria-label=\"9 de 31\"><figure class=\"swiper-slide-inner\"><img class=\"swiper-slide-image swiper-lazy\" data-src=\"https:\/\/antonioflores.eu\/wp-content\/uploads\/2025\/12\/IMG_1777-768x1024.jpeg\" alt=\"IMG_1777\" \/><div class=\"swiper-lazy-preloader\"><\/div><\/figure><\/div><div class=\"swiper-slide\" role=\"group\" aria-roledescription=\"slide\" aria-label=\"10 de 31\"><figure class=\"swiper-slide-inner\"><img class=\"swiper-slide-image swiper-lazy\" data-src=\"https:\/\/antonioflores.eu\/wp-content\/uploads\/2025\/12\/IMG_1843-768x1024.jpeg\" alt=\"IMG_1843\" \/><div class=\"swiper-lazy-preloader\"><\/div><\/figure><\/div><div class=\"swiper-slide\" role=\"group\" aria-roledescription=\"slide\" aria-label=\"11 de 31\"><figure class=\"swiper-slide-inner\"><img class=\"swiper-slide-image swiper-lazy\" data-src=\"https:\/\/antonioflores.eu\/wp-content\/uploads\/2025\/12\/7fe72ce1-14a8-43f0-98a8-728bca8f7632-e1766595377464-824x1024.jpeg\" alt=\"7fe72ce1-14a8-43f0-98a8-728bca8f7632\" \/><div class=\"swiper-lazy-preloader\"><\/div><\/figure><\/div><div class=\"swiper-slide\" role=\"group\" aria-roledescription=\"slide\" aria-label=\"12 de 31\"><figure class=\"swiper-slide-inner\"><img class=\"swiper-slide-image swiper-lazy\" data-src=\"https:\/\/antonioflores.eu\/wp-content\/uploads\/2025\/12\/IMG_0338-768x1024.jpeg\" alt=\"IMG_0338\" \/><div class=\"swiper-lazy-preloader\"><\/div><\/figure><\/div><div class=\"swiper-slide\" role=\"group\" aria-roledescription=\"slide\" aria-label=\"13 de 31\"><figure class=\"swiper-slide-inner\"><img class=\"swiper-slide-image swiper-lazy\" data-src=\"https:\/\/antonioflores.eu\/wp-content\/uploads\/2025\/12\/IMG_1456-768x1024.jpeg\" alt=\"IMG_1456\" \/><div class=\"swiper-lazy-preloader\"><\/div><\/figure><\/div><div class=\"swiper-slide\" role=\"group\" aria-roledescription=\"slide\" aria-label=\"14 de 31\"><figure class=\"swiper-slide-inner\"><img class=\"swiper-slide-image swiper-lazy\" data-src=\"https:\/\/antonioflores.eu\/wp-content\/uploads\/2025\/12\/IMG_4214-768x1024.jpeg\" alt=\"IMG_4214\" \/><div class=\"swiper-lazy-preloader\"><\/div><\/figure><\/div><div class=\"swiper-slide\" role=\"group\" aria-roledescription=\"slide\" aria-label=\"15 de 31\"><figure class=\"swiper-slide-inner\"><img class=\"swiper-slide-image swiper-lazy\" data-src=\"https:\/\/antonioflores.eu\/wp-content\/uploads\/2025\/12\/IMG_0932-scaled-e1766595343655-763x1024.jpeg\" alt=\"IMG_0932\" \/><div class=\"swiper-lazy-preloader\"><\/div><\/figure><\/div><div class=\"swiper-slide\" role=\"group\" aria-roledescription=\"slide\" aria-label=\"16 de 31\"><figure class=\"swiper-slide-inner\"><img class=\"swiper-slide-image swiper-lazy\" data-src=\"https:\/\/antonioflores.eu\/wp-content\/uploads\/2025\/12\/IMG_4671-768x1024.jpeg\" alt=\"IMG_4671\" \/><div class=\"swiper-lazy-preloader\"><\/div><\/figure><\/div><div class=\"swiper-slide\" role=\"group\" aria-roledescription=\"slide\" aria-label=\"17 de 31\"><figure class=\"swiper-slide-inner\"><img class=\"swiper-slide-image swiper-lazy\" data-src=\"https:\/\/antonioflores.eu\/wp-content\/uploads\/2025\/12\/IMG_1957-768x1024.jpeg\" alt=\"IMG_1957\" \/><div class=\"swiper-lazy-preloader\"><\/div><\/figure><\/div><div class=\"swiper-slide\" role=\"group\" aria-roledescription=\"slide\" aria-label=\"18 de 31\"><figure class=\"swiper-slide-inner\"><img class=\"swiper-slide-image swiper-lazy\" data-src=\"https:\/\/antonioflores.eu\/wp-content\/uploads\/2025\/12\/IMG_1038-scaled-e1766595322146-771x1024.jpeg\" alt=\"IMG_1038\" \/><div class=\"swiper-lazy-preloader\"><\/div><\/figure><\/div><div class=\"swiper-slide\" role=\"group\" aria-roledescription=\"slide\" aria-label=\"19 de 31\"><figure class=\"swiper-slide-inner\"><img class=\"swiper-slide-image swiper-lazy\" data-src=\"https:\/\/antonioflores.eu\/wp-content\/uploads\/2025\/12\/IMG_1063-768x1024.jpeg\" alt=\"IMG_1063\" \/><div class=\"swiper-lazy-preloader\"><\/div><\/figure><\/div><div class=\"swiper-slide\" role=\"group\" aria-roledescription=\"slide\" aria-label=\"20 de 31\"><figure class=\"swiper-slide-inner\"><img class=\"swiper-slide-image swiper-lazy\" data-src=\"https:\/\/antonioflores.eu\/wp-content\/uploads\/2025\/12\/IMG_1668-scaled-e1766595298954-715x1024.jpeg\" alt=\"IMG_1668\" \/><div class=\"swiper-lazy-preloader\"><\/div><\/figure><\/div><div class=\"swiper-slide\" role=\"group\" aria-roledescription=\"slide\" aria-label=\"21 de 31\"><figure class=\"swiper-slide-inner\"><img class=\"swiper-slide-image swiper-lazy\" data-src=\"https:\/\/antonioflores.eu\/wp-content\/uploads\/2025\/12\/PHOTO-2023-03-27-18-48-51-3-828x1024.jpg\" alt=\"PHOTO-2023-03-27-18-48-51 3\" \/><div class=\"swiper-lazy-preloader\"><\/div><\/figure><\/div><div class=\"swiper-slide\" role=\"group\" aria-roledescription=\"slide\" aria-label=\"22 de 31\"><figure class=\"swiper-slide-inner\"><img class=\"swiper-slide-image swiper-lazy\" data-src=\"https:\/\/antonioflores.eu\/wp-content\/uploads\/2025\/12\/IMG_2663-768x1024.jpeg\" alt=\"IMG_2663\" \/><div class=\"swiper-lazy-preloader\"><\/div><\/figure><\/div><div class=\"swiper-slide\" role=\"group\" aria-roledescription=\"slide\" aria-label=\"23 de 31\"><figure class=\"swiper-slide-inner\"><img class=\"swiper-slide-image swiper-lazy\" data-src=\"https:\/\/antonioflores.eu\/wp-content\/uploads\/2025\/12\/f.elconfidencial.com_original_08e_46c_4d2_08e46c4d2bd8916541304889659951b4-1024x576.jpg\" alt=\"f.elconfidencial.com_original_08e_46c_4d2_08e46c4d2bd8916541304889659951b4\" \/><div class=\"swiper-lazy-preloader\"><\/div><\/figure><\/div><div class=\"swiper-slide\" role=\"group\" aria-roledescription=\"slide\" aria-label=\"24 de 31\"><figure class=\"swiper-slide-inner\"><img class=\"swiper-slide-image swiper-lazy\" data-src=\"https:\/\/antonioflores.eu\/wp-content\/uploads\/2025\/12\/IMG_2910-768x1024.jpeg\" alt=\"IMG_2910\" \/><div class=\"swiper-lazy-preloader\"><\/div><\/figure><\/div><div class=\"swiper-slide\" role=\"group\" aria-roledescription=\"slide\" aria-label=\"25 de 31\"><figure class=\"swiper-slide-inner\"><img class=\"swiper-slide-image swiper-lazy\" data-src=\"https:\/\/antonioflores.eu\/wp-content\/uploads\/2025\/12\/IMG_4587-768x1024.jpeg\" alt=\"IMG_4587\" \/><div class=\"swiper-lazy-preloader\"><\/div><\/figure><\/div><div class=\"swiper-slide\" role=\"group\" aria-roledescription=\"slide\" aria-label=\"26 de 31\"><figure class=\"swiper-slide-inner\"><img class=\"swiper-slide-image swiper-lazy\" data-src=\"https:\/\/antonioflores.eu\/wp-content\/uploads\/2025\/12\/IMG_4818-768x1024.jpeg\" alt=\"IMG_4818\" \/><div class=\"swiper-lazy-preloader\"><\/div><\/figure><\/div><div class=\"swiper-slide\" role=\"group\" aria-roledescription=\"slide\" aria-label=\"27 de 31\"><figure class=\"swiper-slide-inner\"><img class=\"swiper-slide-image swiper-lazy\" data-src=\"https:\/\/antonioflores.eu\/wp-content\/uploads\/2025\/12\/IMG_5013-768x1024.jpeg\" alt=\"IMG_5013\" \/><div class=\"swiper-lazy-preloader\"><\/div><\/figure><\/div><div class=\"swiper-slide\" role=\"group\" aria-roledescription=\"slide\" aria-label=\"28 de 31\"><figure class=\"swiper-slide-inner\"><img class=\"swiper-slide-image swiper-lazy\" data-src=\"https:\/\/antonioflores.eu\/wp-content\/uploads\/2025\/12\/IMG_5032-768x1024.jpeg\" alt=\"IMG_5032\" \/><div class=\"swiper-lazy-preloader\"><\/div><\/figure><\/div><div class=\"swiper-slide\" role=\"group\" aria-roledescription=\"slide\" aria-label=\"29 de 31\"><figure class=\"swiper-slide-inner\"><img class=\"swiper-slide-image swiper-lazy\" data-src=\"https:\/\/antonioflores.eu\/wp-content\/uploads\/2025\/12\/IMG_5137-scaled-e1766595193628-712x1024.jpeg\" alt=\"IMG_5137\" \/><div class=\"swiper-lazy-preloader\"><\/div><\/figure><\/div><div class=\"swiper-slide\" role=\"group\" aria-roledescription=\"slide\" aria-label=\"30 de 31\"><figure class=\"swiper-slide-inner\"><img class=\"swiper-slide-image swiper-lazy\" data-src=\"https:\/\/antonioflores.eu\/wp-content\/uploads\/2025\/12\/Foro-IA-scaled-e1766595222970-807x1024.png\" alt=\"Foro IA\" \/><div class=\"swiper-lazy-preloader\"><\/div><\/figure><\/div><div class=\"swiper-slide\" role=\"group\" aria-roledescription=\"slide\" aria-label=\"31 de 31\"><figure class=\"swiper-slide-inner\"><img class=\"swiper-slide-image swiper-lazy\" data-src=\"https:\/\/antonioflores.eu\/wp-content\/uploads\/2025\/12\/f.elconfidencial.com_original_963_c07_30b_963c0730bc2d8406ad0608f26fcd0705-1-768x1024.jpg\" alt=\"f.elconfidencial.com_original_963_c07_30b_963c0730bc2d8406ad0608f26fcd0705\" \/><div class=\"swiper-lazy-preloader\"><\/div><\/figure><\/div>\t\t\t<\/div>\n\t\t\t\t\t\t\t\t\t\t\t\t<div class=\"elementor-swiper-button elementor-swiper-button-prev\" role=\"button\" tabindex=\"0\">\n\t\t\t\t\t\t<i aria-hidden=\"true\" class=\"eicon-chevron-left\"><\/i>\t\t\t\t\t<\/div>\n\t\t\t\t\t<div class=\"elementor-swiper-button elementor-swiper-button-next\" role=\"button\" tabindex=\"0\">\n\t\t\t\t\t\t<i aria-hidden=\"true\" class=\"eicon-chevron-right\"><\/i>\t\t\t\t\t<\/div>\n\t\t\t\t\n\t\t\t\t\t\t\t\t\t<div class=\"swiper-pagination\"><\/div>\n\t\t\t\t\t\t\t\t\t<\/div>\n\t\t\t\t\t\t<\/div>\n\t\t\t\t<\/div>\n\t\t\t\t\t<\/div>\n\t\t<\/div>\n\t\t\t\t\t<\/div>\n\t\t<\/section>\n\t\t\t\t<\/div>","protected":false},"excerpt":{"rendered":"<p>Antonio L. Flores-Galea has an M.Sc. in Telecommunications Engineering and an M.Sc. in Electronics Engineering from the University of Seville and an MBA from IESE Business School. He is a professor of Artificial Intelligence and Big Data at Francisco de Vitoria University. Antonio has been an advisor to the European Commission on AI, robotics, and &#8230; <a title=\"Sobre m\u00ed\" class=\"read-more\" href=\"https:\/\/antonioflores.eu\/es\/about-me\/\" aria-label=\"Leer m\u00e1s sobre About me\">Leer m\u00e1s<\/a><\/p>","protected":false},"author":1,"featured_media":1867,"parent":0,"menu_order":0,"comment_status":"closed","ping_status":"closed","template":"","meta":{"_monsterinsights_skip_tracking":false,"_monsterinsights_sitenote_active":false,"_monsterinsights_sitenote_note":"","_monsterinsights_sitenote_category":0,"footnotes":""},"class_list":{"0":"post-1860","1":"page","2":"type-page","3":"status-publish","4":"has-post-thumbnail","6":"infinite-scroll-item","7":"no-featured-image-padding","8":"resize-featured-image"},"aioseo_notices":[],"_links":{"self":[{"href":"https:\/\/antonioflores.eu\/es\/wp-json\/wp\/v2\/pages\/1860","targetHints":{"allow":["GET"]}}],"collection":[{"href":"https:\/\/antonioflores.eu\/es\/wp-json\/wp\/v2\/pages"}],"about":[{"href":"https:\/\/antonioflores.eu\/es\/wp-json\/wp\/v2\/types\/page"}],"author":[{"embeddable":true,"href":"https:\/\/antonioflores.eu\/es\/wp-json\/wp\/v2\/users\/1"}],"replies":[{"embeddable":true,"href":"https:\/\/antonioflores.eu\/es\/wp-json\/wp\/v2\/comments?post=1860"}],"version-history":[{"count":43,"href":"https:\/\/antonioflores.eu\/es\/wp-json\/wp\/v2\/pages\/1860\/revisions"}],"predecessor-version":[{"id":1946,"href":"https:\/\/antonioflores.eu\/es\/wp-json\/wp\/v2\/pages\/1860\/revisions\/1946"}],"wp:featuredmedia":[{"embeddable":true,"href":"https:\/\/antonioflores.eu\/es\/wp-json\/wp\/v2\/media\/1867"}],"wp:attachment":[{"href":"https:\/\/antonioflores.eu\/es\/wp-json\/wp\/v2\/media?parent=1860"}],"curies":[{"name":"wp","href":"https:\/\/api.w.org\/{rel}","templated":true}]}}