{"id":1557,"date":"2025-12-22T17:55:29","date_gmt":"2025-12-22T15:55:29","guid":{"rendered":"https:\/\/antonioflores.eu\/?page_id=1557"},"modified":"2025-12-25T17:50:33","modified_gmt":"2025-12-25T16:50:33","slug":"speaker","status":"publish","type":"page","link":"https:\/\/antonioflores.eu\/es\/speaker\/","title":{"rendered":"Conferenciante"},"content":{"rendered":"<div data-elementor-type=\"wp-page\" data-elementor-id=\"1557\" class=\"elementor elementor-1557\" data-elementor-post-type=\"page\">\n\t\t\t\t\t\t<section class=\"elementor-section elementor-top-section elementor-element elementor-element-c4cd9ee elementor-section-full_width elementor-section-stretched elementor-section-height-default elementor-section-height-default\" data-id=\"c4cd9ee\" data-element_type=\"section\" data-e-type=\"section\" data-settings=\"{&quot;stretch_section&quot;:&quot;section-stretched&quot;}\">\n\t\t\t\t\t\t\t<div class=\"elementor-background-overlay\"><\/div>\n\t\t\t\t\t\t\t<div class=\"elementor-container elementor-column-gap-default\">\n\t\t\t\t\t<div class=\"elementor-column elementor-col-100 elementor-top-column elementor-element elementor-element-c6606aa\" data-id=\"c6606aa\" data-element_type=\"column\" data-e-type=\"column\">\n\t\t\t<div class=\"elementor-widget-wrap elementor-element-populated\">\n\t\t\t\t\t\t<section class=\"elementor-section elementor-inner-section elementor-element elementor-element-410f23f elementor-section-boxed elementor-section-height-default elementor-section-height-default\" data-id=\"410f23f\" data-element_type=\"section\" data-e-type=\"section\">\n\t\t\t\t\t\t<div class=\"elementor-container elementor-column-gap-default\">\n\t\t\t\t\t<div class=\"elementor-column elementor-col-50 elementor-inner-column elementor-element elementor-element-cffb2de\" data-id=\"cffb2de\" data-element_type=\"column\" data-e-type=\"column\">\n\t\t\t<div class=\"elementor-widget-wrap elementor-element-populated\">\n\t\t\t\t\t\t<div class=\"elementor-element elementor-element-fecd3cc elementor-widget elementor-widget-text-editor\" data-id=\"fecd3cc\" data-element_type=\"widget\" data-e-type=\"widget\" data-widget_type=\"text-editor.default\">\n\t\t\t\t<div class=\"elementor-widget-container\">\n\t\t\t\t\t\t\t\t\t<p>He dado charlas a peque\u00f1os grupos de 10 personas y a grandes audiencias de miles, siempre sobre mis \u00e1reas de especializaci\u00f3n: la tecnolog\u00eda y sus implicaciones para los negocios y la sociedad.<\/p><p>Cada vez que salgo al escenario me invade la misma sensaci\u00f3n. Siempre es la primera vez. Desde mi primera conferencia magistral hace m\u00e1s de 20 a\u00f1os, nunca me he sentido nervioso ni d\u00e9bil. Todo lo contrario: siento la responsabilidad de guiar a las personas con el arma m\u00e1s poderosa que existe: las ideas.\u00a0<\/p>\t\t\t\t\t\t\t\t<\/div>\n\t\t\t\t<\/div>\n\t\t\t\t<div class=\"elementor-element elementor-element-9ba212d elementor-align-center elementor-widget elementor-widget-button\" data-id=\"9ba212d\" data-element_type=\"widget\" data-e-type=\"widget\" data-widget_type=\"button.default\">\n\t\t\t\t<div class=\"elementor-widget-container\">\n\t\t\t\t\t\t\t\t\t<div class=\"elementor-button-wrapper\">\n\t\t\t\t\t<a class=\"elementor-button elementor-button-link elementor-size-sm\" href=\"https:\/\/antonioflores.eu\/es\/contact\/\">\n\t\t\t\t\t\t<span class=\"elementor-button-content-wrapper\">\n\t\t\t\t\t\t\t\t\t<span class=\"elementor-button-text\">Contacto<\/span>\n\t\t\t\t\t<\/span>\n\t\t\t\t\t<\/a>\n\t\t\t\t<\/div>\n\t\t\t\t\t\t\t\t<\/div>\n\t\t\t\t<\/div>\n\t\t\t\t\t<\/div>\n\t\t<\/div>\n\t\t\t\t<div class=\"elementor-column elementor-col-50 elementor-inner-column elementor-element elementor-element-734500c\" data-id=\"734500c\" data-element_type=\"column\" data-e-type=\"column\">\n\t\t\t<div class=\"elementor-widget-wrap elementor-element-populated\">\n\t\t\t\t\t\t<div class=\"elementor-element elementor-element-9639159 elementor-widget elementor-widget-heading\" data-id=\"9639159\" data-element_type=\"widget\" data-e-type=\"widget\" data-widget_type=\"heading.default\">\n\t\t\t\t<div class=\"elementor-widget-container\">\n\t\t\t\t\t<h2 class=\"elementor-heading-title elementor-size-default\">El arte de la comunicaci\u00f3n<\/h2>\t\t\t\t<\/div>\n\t\t\t\t<\/div>\n\t\t\t\t<div class=\"elementor-element elementor-element-718fa01 elementor-widget elementor-widget-text-editor\" data-id=\"718fa01\" data-element_type=\"widget\" data-e-type=\"widget\" data-widget_type=\"text-editor.default\">\n\t\t\t\t<div class=\"elementor-widget-container\">\n\t\t\t\t\t\t\t\t\t<p>La comunicaci\u00f3n es una experiencia \u00fanica. No comienza cuando empiezas a hablar ante el p\u00fablico. La comunicaci\u00f3n se produce cuando el p\u00fablico entiende lo que dices y reflexiona para sacar sus propias conclusiones.<\/p>\t\t\t\t\t\t\t\t<\/div>\n\t\t\t\t<\/div>\n\t\t\t\t\t<\/div>\n\t\t<\/div>\n\t\t\t\t\t<\/div>\n\t\t<\/section>\n\t\t\t\t\t<\/div>\n\t\t<\/div>\n\t\t\t\t\t<\/div>\n\t\t<\/section>\n\t\t\t\t<section class=\"elementor-section elementor-top-section elementor-element elementor-element-432b48b elementor-section-full_width elementor-section-stretched elementor-section-height-default elementor-section-height-default\" data-id=\"432b48b\" data-element_type=\"section\" data-e-type=\"section\" data-settings=\"{&quot;stretch_section&quot;:&quot;section-stretched&quot;,&quot;background_background&quot;:&quot;classic&quot;}\">\n\t\t\t\t\t\t<div class=\"elementor-container elementor-column-gap-default\">\n\t\t\t\t\t<div class=\"elementor-column elementor-col-100 elementor-top-column elementor-element elementor-element-a805acb\" data-id=\"a805acb\" data-element_type=\"column\" data-e-type=\"column\">\n\t\t\t<div class=\"elementor-widget-wrap elementor-element-populated\">\n\t\t\t\t\t\t<section class=\"elementor-section elementor-inner-section elementor-element elementor-element-deda686 elementor-section-boxed elementor-section-height-default elementor-section-height-default\" data-id=\"deda686\" data-element_type=\"section\" data-e-type=\"section\">\n\t\t\t\t\t\t<div class=\"elementor-container elementor-column-gap-default\">\n\t\t\t\t\t<div class=\"elementor-column elementor-col-50 elementor-inner-column elementor-element elementor-element-cbc7ed7\" data-id=\"cbc7ed7\" data-element_type=\"column\" data-e-type=\"column\">\n\t\t\t<div class=\"elementor-widget-wrap\">\n\t\t\t\t\t\t\t<\/div>\n\t\t<\/div>\n\t\t\t\t<div class=\"elementor-column elementor-col-50 elementor-inner-column elementor-element elementor-element-3ea4725\" data-id=\"3ea4725\" data-element_type=\"column\" data-e-type=\"column\">\n\t\t\t<div class=\"elementor-widget-wrap\">\n\t\t\t\t\t\t\t<\/div>\n\t\t<\/div>\n\t\t\t\t\t<\/div>\n\t\t<\/section>\n\t\t\t\t\t<\/div>\n\t\t<\/div>\n\t\t\t\t\t<\/div>\n\t\t<\/section>\n\t\t\t\t<section class=\"elementor-section elementor-top-section elementor-element elementor-element-eaa218f elementor-section-boxed elementor-section-height-default elementor-section-height-default\" data-id=\"eaa218f\" data-element_type=\"section\" data-e-type=\"section\">\n\t\t\t\t\t\t<div class=\"elementor-container elementor-column-gap-default\">\n\t\t\t\t\t<div class=\"elementor-column elementor-col-100 elementor-top-column elementor-element elementor-element-d45baae\" data-id=\"d45baae\" data-element_type=\"column\" data-e-type=\"column\">\n\t\t\t<div class=\"elementor-widget-wrap elementor-element-populated\">\n\t\t\t\t\t\t<section class=\"elementor-section elementor-inner-section elementor-element elementor-element-47e914f elementor-section-boxed elementor-section-height-default elementor-section-height-default\" data-id=\"47e914f\" data-element_type=\"section\" data-e-type=\"section\">\n\t\t\t\t\t\t<div class=\"elementor-container elementor-column-gap-default\">\n\t\t\t\t\t<div class=\"elementor-column elementor-col-50 elementor-inner-column elementor-element elementor-element-ec2130f\" data-id=\"ec2130f\" data-element_type=\"column\" data-e-type=\"column\">\n\t\t\t<div class=\"elementor-widget-wrap elementor-element-populated\">\n\t\t\t\t\t\t<div class=\"elementor-element elementor-element-4f37ddc elementor-widget elementor-widget-image\" data-id=\"4f37ddc\" data-element_type=\"widget\" data-e-type=\"widget\" data-widget_type=\"image.default\">\n\t\t\t\t<div class=\"elementor-widget-container\">\n\t\t\t\t\t\t\t\t\t\t\t\t\t\t\t<img fetchpriority=\"high\" decoding=\"async\" width=\"1024\" height=\"549\" src=\"https:\/\/antonioflores.eu\/wp-content\/uploads\/2025\/12\/libertad-digital-1024x549.png\" class=\"attachment-large size-large wp-image-2017\" alt=\"\" srcset=\"https:\/\/antonioflores.eu\/wp-content\/uploads\/2025\/12\/libertad-digital-1024x549.png 1024w, https:\/\/antonioflores.eu\/wp-content\/uploads\/2025\/12\/libertad-digital-300x161.png 300w, https:\/\/antonioflores.eu\/wp-content\/uploads\/2025\/12\/libertad-digital-768x412.png 768w, https:\/\/antonioflores.eu\/wp-content\/uploads\/2025\/12\/libertad-digital-1536x823.png 1536w, https:\/\/antonioflores.eu\/wp-content\/uploads\/2025\/12\/libertad-digital-2048x1098.png 2048w\" sizes=\"(max-width: 1024px) 100vw, 1024px\" \/>\t\t\t\t\t\t\t\t\t\t\t\t\t\t\t<\/div>\n\t\t\t\t<\/div>\n\t\t\t\t\t<\/div>\n\t\t<\/div>\n\t\t\t\t<div class=\"elementor-column elementor-col-50 elementor-inner-column elementor-element elementor-element-7a2607b\" data-id=\"7a2607b\" data-element_type=\"column\" data-e-type=\"column\">\n\t\t\t<div class=\"elementor-widget-wrap elementor-element-populated\">\n\t\t\t\t\t\t<div class=\"elementor-element elementor-element-05c6ac6 elementor-widget elementor-widget-image\" data-id=\"05c6ac6\" data-element_type=\"widget\" data-e-type=\"widget\" data-widget_type=\"image.default\">\n\t\t\t\t<div class=\"elementor-widget-container\">\n\t\t\t\t\t\t\t\t\t\t\t\t\t\t\t<img decoding=\"async\" width=\"1024\" height=\"683\" src=\"https:\/\/antonioflores.eu\/wp-content\/uploads\/2025\/12\/ec-meeting-1024x683.png\" class=\"attachment-large size-large wp-image-2021\" alt=\"\" srcset=\"https:\/\/antonioflores.eu\/wp-content\/uploads\/2025\/12\/ec-meeting-1024x683.png 1024w, https:\/\/antonioflores.eu\/wp-content\/uploads\/2025\/12\/ec-meeting-300x200.png 300w, https:\/\/antonioflores.eu\/wp-content\/uploads\/2025\/12\/ec-meeting-768x512.png 768w, https:\/\/antonioflores.eu\/wp-content\/uploads\/2025\/12\/ec-meeting.png 1536w\" sizes=\"(max-width: 1024px) 100vw, 1024px\" \/>\t\t\t\t\t\t\t\t\t\t\t\t\t\t\t<\/div>\n\t\t\t\t<\/div>\n\t\t\t\t\t<\/div>\n\t\t<\/div>\n\t\t\t\t\t<\/div>\n\t\t<\/section>\n\t\t\t\t\t<\/div>\n\t\t<\/div>\n\t\t\t\t\t<\/div>\n\t\t<\/section>\n\t\t\t\t<section class=\"elementor-section elementor-top-section elementor-element elementor-element-c474bdf elementor-section-full_width elementor-section-stretched elementor-section-height-default elementor-section-height-default\" data-id=\"c474bdf\" data-element_type=\"section\" data-e-type=\"section\" data-settings=\"{&quot;stretch_section&quot;:&quot;section-stretched&quot;}\">\n\t\t\t\t\t\t\t<div class=\"elementor-background-overlay\"><\/div>\n\t\t\t\t\t\t\t<div class=\"elementor-container elementor-column-gap-default\">\n\t\t\t\t\t<div class=\"elementor-column elementor-col-100 elementor-top-column elementor-element elementor-element-772e767\" data-id=\"772e767\" data-element_type=\"column\" data-e-type=\"column\">\n\t\t\t<div class=\"elementor-widget-wrap\">\n\t\t\t\t\t\t\t<\/div>\n\t\t<\/div>\n\t\t\t\t\t<\/div>\n\t\t<\/section>\n\t\t\t\t<section class=\"elementor-section elementor-top-section elementor-element elementor-element-7165b52 elementor-section-boxed elementor-section-height-default elementor-section-height-default\" data-id=\"7165b52\" data-element_type=\"section\" data-e-type=\"section\">\n\t\t\t\t\t\t<div class=\"elementor-container elementor-column-gap-default\">\n\t\t\t\t\t<div class=\"elementor-column elementor-col-100 elementor-top-column elementor-element elementor-element-85f3f61\" data-id=\"85f3f61\" data-element_type=\"column\" data-e-type=\"column\">\n\t\t\t<div class=\"elementor-widget-wrap elementor-element-populated\">\n\t\t\t\t\t\t<section class=\"elementor-section elementor-inner-section elementor-element elementor-element-991f3cd elementor-section-boxed elementor-section-height-default elementor-section-height-default\" data-id=\"991f3cd\" data-element_type=\"section\" data-e-type=\"section\">\n\t\t\t\t\t\t<div class=\"elementor-container elementor-column-gap-default\">\n\t\t\t\t\t<div class=\"elementor-column elementor-col-50 elementor-inner-column elementor-element elementor-element-c5ebfbb\" data-id=\"c5ebfbb\" data-element_type=\"column\" data-e-type=\"column\">\n\t\t\t<div class=\"elementor-widget-wrap elementor-element-populated\">\n\t\t\t\t\t\t<div class=\"elementor-element elementor-element-7b2105a elementor-widget elementor-widget-image\" data-id=\"7b2105a\" data-element_type=\"widget\" data-e-type=\"widget\" data-widget_type=\"image.default\">\n\t\t\t\t<div class=\"elementor-widget-container\">\n\t\t\t\t\t\t\t\t\t\t\t\t\t\t\t<img decoding=\"async\" width=\"1024\" height=\"759\" src=\"https:\/\/antonioflores.eu\/wp-content\/uploads\/2025\/12\/d5946119-2529-48a5-88d4-b4cb358eba30-1-1024x759.jpg\" class=\"attachment-large size-large wp-image-2011\" alt=\"\" srcset=\"https:\/\/antonioflores.eu\/wp-content\/uploads\/2025\/12\/d5946119-2529-48a5-88d4-b4cb358eba30-1-1024x759.jpg 1024w, https:\/\/antonioflores.eu\/wp-content\/uploads\/2025\/12\/d5946119-2529-48a5-88d4-b4cb358eba30-1-300x222.jpg 300w, https:\/\/antonioflores.eu\/wp-content\/uploads\/2025\/12\/d5946119-2529-48a5-88d4-b4cb358eba30-1-768x569.jpg 768w, https:\/\/antonioflores.eu\/wp-content\/uploads\/2025\/12\/d5946119-2529-48a5-88d4-b4cb358eba30-1-1536x1139.jpg 1536w, https:\/\/antonioflores.eu\/wp-content\/uploads\/2025\/12\/d5946119-2529-48a5-88d4-b4cb358eba30-1.jpg 2048w\" sizes=\"(max-width: 1024px) 100vw, 1024px\" \/>\t\t\t\t\t\t\t\t\t\t\t\t\t\t\t<\/div>\n\t\t\t\t<\/div>\n\t\t\t\t\t<\/div>\n\t\t<\/div>\n\t\t\t\t<div class=\"elementor-column elementor-col-50 elementor-inner-column elementor-element elementor-element-6156247\" data-id=\"6156247\" data-element_type=\"column\" data-e-type=\"column\">\n\t\t\t<div class=\"elementor-widget-wrap elementor-element-populated\">\n\t\t\t\t\t\t<div class=\"elementor-element elementor-element-f5f769d elementor-widget elementor-widget-image\" data-id=\"f5f769d\" data-element_type=\"widget\" data-e-type=\"widget\" data-widget_type=\"image.default\">\n\t\t\t\t<div class=\"elementor-widget-container\">\n\t\t\t\t\t\t\t\t\t\t\t\t\t\t\t<img loading=\"lazy\" decoding=\"async\" width=\"1024\" height=\"577\" src=\"https:\/\/antonioflores.eu\/wp-content\/uploads\/2025\/12\/Foro-IA-1-1024x577.png\" class=\"attachment-large size-large wp-image-1970\" alt=\"\" srcset=\"https:\/\/antonioflores.eu\/wp-content\/uploads\/2025\/12\/Foro-IA-1-1024x577.png 1024w, https:\/\/antonioflores.eu\/wp-content\/uploads\/2025\/12\/Foro-IA-1-300x169.png 300w, https:\/\/antonioflores.eu\/wp-content\/uploads\/2025\/12\/Foro-IA-1-768x432.png 768w, https:\/\/antonioflores.eu\/wp-content\/uploads\/2025\/12\/Foro-IA-1-1536x865.png 1536w, https:\/\/antonioflores.eu\/wp-content\/uploads\/2025\/12\/Foro-IA-1-2048x1153.png 2048w\" sizes=\"(max-width: 1024px) 100vw, 1024px\" \/>\t\t\t\t\t\t\t\t\t\t\t\t\t\t\t<\/div>\n\t\t\t\t<\/div>\n\t\t\t\t\t<\/div>\n\t\t<\/div>\n\t\t\t\t\t<\/div>\n\t\t<\/section>\n\t\t\t\t\t<\/div>\n\t\t<\/div>\n\t\t\t\t\t<\/div>\n\t\t<\/section>\n\t\t\t\t<section class=\"elementor-section elementor-top-section elementor-element elementor-element-00d876a elementor-section-full_width elementor-section-stretched elementor-section-height-default elementor-section-height-default\" data-id=\"00d876a\" data-element_type=\"section\" data-e-type=\"section\" data-settings=\"{&quot;stretch_section&quot;:&quot;section-stretched&quot;}\">\n\t\t\t\t\t\t\t<div class=\"elementor-background-overlay\"><\/div>\n\t\t\t\t\t\t\t<div class=\"elementor-container elementor-column-gap-default\">\n\t\t\t\t\t<div class=\"elementor-column elementor-col-100 elementor-top-column elementor-element elementor-element-d794c26\" data-id=\"d794c26\" data-element_type=\"column\" data-e-type=\"column\">\n\t\t\t<div class=\"elementor-widget-wrap elementor-element-populated\">\n\t\t\t\t\t\t<section class=\"elementor-section elementor-inner-section elementor-element elementor-element-513bd50 elementor-section-boxed elementor-section-height-default elementor-section-height-default\" data-id=\"513bd50\" data-element_type=\"section\" data-e-type=\"section\">\n\t\t\t\t\t\t<div class=\"elementor-container elementor-column-gap-default\">\n\t\t\t\t\t<div class=\"elementor-column elementor-col-50 elementor-inner-column elementor-element elementor-element-ffc282f\" data-id=\"ffc282f\" data-element_type=\"column\" data-e-type=\"column\">\n\t\t\t<div class=\"elementor-widget-wrap elementor-element-populated\">\n\t\t\t\t\t\t<div class=\"elementor-element elementor-element-3160e33 elementor-widget elementor-widget-heading\" data-id=\"3160e33\" data-element_type=\"widget\" data-e-type=\"widget\" data-widget_type=\"heading.default\">\n\t\t\t\t<div class=\"elementor-widget-container\">\n\t\t\t\t\t<h2 class=\"elementor-heading-title elementor-size-default\">\u00bfQuiere contar con mi participaci\u00f3n en su evento?<\/h2>\t\t\t\t<\/div>\n\t\t\t\t<\/div>\n\t\t\t\t\t<\/div>\n\t\t<\/div>\n\t\t\t\t<div class=\"elementor-column elementor-col-50 elementor-inner-column elementor-element elementor-element-0e4acb8\" data-id=\"0e4acb8\" data-element_type=\"column\" data-e-type=\"column\">\n\t\t\t<div class=\"elementor-widget-wrap elementor-element-populated\">\n\t\t\t\t\t\t<div class=\"elementor-element elementor-element-57e7cad elementor-align-center elementor-widget elementor-widget-button\" data-id=\"57e7cad\" data-element_type=\"widget\" data-e-type=\"widget\" data-widget_type=\"button.default\">\n\t\t\t\t<div class=\"elementor-widget-container\">\n\t\t\t\t\t\t\t\t\t<div class=\"elementor-button-wrapper\">\n\t\t\t\t\t<a class=\"elementor-button elementor-button-link elementor-size-sm\" href=\"https:\/\/antonioflores.eu\/es\/contact\/\">\n\t\t\t\t\t\t<span class=\"elementor-button-content-wrapper\">\n\t\t\t\t\t\t\t\t\t<span class=\"elementor-button-text\">Contacto<\/span>\n\t\t\t\t\t<\/span>\n\t\t\t\t\t<\/a>\n\t\t\t\t<\/div>\n\t\t\t\t\t\t\t\t<\/div>\n\t\t\t\t<\/div>\n\t\t\t\t\t<\/div>\n\t\t<\/div>\n\t\t\t\t\t<\/div>\n\t\t<\/section>\n\t\t\t\t\t<\/div>\n\t\t<\/div>\n\t\t\t\t\t<\/div>\n\t\t<\/section>\n\t\t\t\t<\/div>","protected":false},"excerpt":{"rendered":"<p>I have spoken to small groups of 10 people and to large audiences of thousands, always on my areas of expertise: technology and its implications for business and society. Every time, the same feeling envelops me. Every time is the first time. Since my first keynote over 20 years ago, I never felt nervous or &#8230; <a title=\"Conferenciante\" class=\"read-more\" href=\"https:\/\/antonioflores.eu\/es\/speaker\/\" aria-label=\"Leer m\u00e1s sobre Speaker\">Leer m\u00e1s<\/a><\/p>","protected":false},"author":1,"featured_media":0,"parent":0,"menu_order":0,"comment_status":"closed","ping_status":"closed","template":"","meta":{"_monsterinsights_skip_tracking":false,"_monsterinsights_sitenote_active":false,"_monsterinsights_sitenote_note":"","_monsterinsights_sitenote_category":0,"footnotes":""},"class_list":{"0":"post-1557","1":"page","2":"type-page","3":"status-publish","5":"infinite-scroll-item","6":"no-featured-image-padding"},"aioseo_notices":[],"_links":{"self":[{"href":"https:\/\/antonioflores.eu\/es\/wp-json\/wp\/v2\/pages\/1557","targetHints":{"allow":["GET"]}}],"collection":[{"href":"https:\/\/antonioflores.eu\/es\/wp-json\/wp\/v2\/pages"}],"about":[{"href":"https:\/\/antonioflores.eu\/es\/wp-json\/wp\/v2\/types\/page"}],"author":[{"embeddable":true,"href":"https:\/\/antonioflores.eu\/es\/wp-json\/wp\/v2\/users\/1"}],"replies":[{"embeddable":true,"href":"https:\/\/antonioflores.eu\/es\/wp-json\/wp\/v2\/comments?post=1557"}],"version-history":[{"count":55,"href":"https:\/\/antonioflores.eu\/es\/wp-json\/wp\/v2\/pages\/1557\/revisions"}],"predecessor-version":[{"id":2069,"href":"https:\/\/antonioflores.eu\/es\/wp-json\/wp\/v2\/pages\/1557\/revisions\/2069"}],"wp:attachment":[{"href":"https:\/\/antonioflores.eu\/es\/wp-json\/wp\/v2\/media?parent=1557"}],"curies":[{"name":"wp","href":"https:\/\/api.w.org\/{rel}","templated":true}]}}